{"id":6565,"date":"2025-01-09T21:53:09","date_gmt":"2025-01-09T20:53:09","guid":{"rendered":"https:\/\/tuhart.com\/caste-otazky\/"},"modified":"2025-01-17T17:14:47","modified_gmt":"2025-01-17T16:14:47","slug":"caste-otazky","status":"publish","type":"page","link":"https:\/\/tuhart.com\/cs\/caste-otazky\/","title":{"rendered":"\u010cast\u00e9 dotazy"},"content":{"rendered":"\t\t<div data-elementor-type=\"wp-page\" data-elementor-id=\"6565\" class=\"elementor elementor-6565 elementor-4940\" data-elementor-post-type=\"page\">\n\t\t\t\t<div class=\"elementor-element elementor-element-4bc0a3d e-con-full e-flex e-con e-parent\" data-id=\"4bc0a3d\" data-element_type=\"container\">\n\t\t<div class=\"elementor-element elementor-element-c53e280 e-con-full e-flex elementor-invisible e-con e-child\" data-id=\"c53e280\" data-element_type=\"container\" data-settings=\"{&quot;background_background&quot;:&quot;classic&quot;,&quot;animation&quot;:&quot;fadeIn&quot;,&quot;animation_delay&quot;:1000}\">\n\t\t\t\t<div class=\"elementor-element elementor-element-483c578 elementor-widget-mobile__width-inherit elementor-widget elementor-widget-heading\" data-id=\"483c578\" data-element_type=\"widget\" data-settings=\"{&quot;_animation_widescreen&quot;:&quot;none&quot;}\" data-widget_type=\"heading.default\">\n\t\t\t\t<div class=\"elementor-widget-container\">\n\t\t\t\t\t<h2 class=\"elementor-heading-title elementor-size-default\">Va\u0161e ot\u00e1zky,<\/h2>\t\t\t\t<\/div>\n\t\t\t\t<\/div>\n\t\t\t\t<div class=\"elementor-element elementor-element-23cfc95 elementor-widget elementor-widget-heading\" data-id=\"23cfc95\" data-element_type=\"widget\" data-widget_type=\"heading.default\">\n\t\t\t\t<div class=\"elementor-widget-container\">\n\t\t\t\t\t<h1 class=\"elementor-heading-title elementor-size-default\">na\u0161e odpov\u011bdi.<\/h1>\t\t\t\t<\/div>\n\t\t\t\t<\/div>\n\t\t\t\t<div class=\"elementor-element elementor-element-009f1b8 elementor-widget__width-inherit elementor-widget-mobile__width-inherit elementor-widget elementor-widget-text-editor\" data-id=\"009f1b8\" data-element_type=\"widget\" data-widget_type=\"text-editor.default\">\n\t\t\t\t<div class=\"elementor-widget-container\">\n\t\t\t\t\t\t\t\t\t<p>Najdete zde odpov\u011bdi na ot\u00e1zky, kter\u00e9 n\u00e1m z\u00e1kazn\u00edci kladou nej\u010dast\u011bji. Douf\u00e1me, \u017ee v\u00e1m tyto informace pomohou a usnadn\u00ed vyu\u017e\u00edv\u00e1n\u00ed na\u0161ich slu\u017eeb. Pokud svou odpov\u011b\u010f nenajdete, nev\u00e1hejte n\u00e1s kontaktovat \u2013 r\u00e1di v\u00e1m pom\u016f\u017eeme.  <\/p>\n\t\t\t\t\t\t\t\t<\/div>\n\t\t\t\t<\/div>\n\t\t\t\t<\/div>\n\t\t\t\t<\/div>\n\t\t<div class=\"elementor-element elementor-element-5a83618 e-con-full castedotazy e-flex e-con e-parent\" data-id=\"5a83618\" data-element_type=\"container\">\n\t\t\t\t<div class=\"elementor-element elementor-element-ce5c64c elementor-widget elementor-widget-n-accordion\" data-id=\"ce5c64c\" data-element_type=\"widget\" data-settings=\"{&quot;default_state&quot;:&quot;expanded&quot;,&quot;max_items_expended&quot;:&quot;one&quot;,&quot;n_accordion_animation_duration&quot;:{&quot;unit&quot;:&quot;ms&quot;,&quot;size&quot;:400,&quot;sizes&quot;:[]}}\" data-widget_type=\"nested-accordion.default\">\n\t\t\t\t<div class=\"elementor-widget-container\">\n\t\t\t\t\t\t\t<div class=\"e-n-accordion\" aria-label=\"Accordion. Open links with Enter or Space, close with Escape, and navigate with Arrow Keys\">\n\t\t\t\t\t\t<details id=\"e-n-accordion-item-2160\" class=\"e-n-accordion-item\" open>\n\t\t\t\t<summary class=\"e-n-accordion-item-title\" data-accordion-index=\"1\" tabindex=\"0\" aria-expanded=\"true\" aria-controls=\"e-n-accordion-item-2160\" >\n\t\t\t\t\t<span class='e-n-accordion-item-title-header'><div class=\"e-n-accordion-item-title-text\"> Jak si objednat vlastn\u00ed v\u00fd\u0161ivku? <\/div><\/span>\n\t\t\t\t\t\t\t<span class='e-n-accordion-item-title-icon'>\n\t\t\t<span class='e-opened' ><i aria-hidden=\"true\" class=\"fas fa-angle-down\"><\/i><\/span>\n\t\t\t<span class='e-closed'><i aria-hidden=\"true\" class=\"fas fa-angle-up\"><\/i><\/span>\n\t\t<\/span>\n\n\t\t\t\t\t\t<\/summary>\n\t\t\t\t<div role=\"region\" aria-labelledby=\"e-n-accordion-item-2160\" class=\"elementor-element elementor-element-0b35fe6 e-con-full e-flex e-con e-child\" data-id=\"0b35fe6\" data-element_type=\"container\">\n\t\t\t\t<div class=\"elementor-element elementor-element-75824c3 elementor-widget__width-inherit elementor-widget-mobile__width-inherit elementor-widget elementor-widget-text-editor\" data-id=\"75824c3\" data-element_type=\"widget\" data-widget_type=\"text-editor.default\">\n\t\t\t\t<div class=\"elementor-widget-container\">\n\t\t\t\t\t\t\t\t\t<p><strong>Je to opravdu jednoduch\u00e9!<\/strong> Sta\u010d\u00ed vyplnit objedn\u00e1vku na na\u0161em webu, nahr\u00e1t obr\u00e1zek a v pozn\u00e1mce napsat, co v\u0161echno by m\u011bla v\u00fd\u0161ivka obsahovat (a co naopak nechcete). Pokud m\u00e1te po\u017eadavky na barvy v\u00fd\u0161ivky, nezapome\u0148te je uv\u00e9st v pozn\u00e1mce, abychom je p\u0159izp\u016fsobili podle va\u0161ich p\u0159edstav. <\/p>\n\t\t\t\t\t\t\t\t<\/div>\n\t\t\t\t<\/div>\n\t\t\t\t<\/div>\n\t\t\t\t\t<\/details>\n\t\t\t\t\t\t<details id=\"e-n-accordion-item-2161\" class=\"e-n-accordion-item\" >\n\t\t\t\t<summary class=\"e-n-accordion-item-title\" data-accordion-index=\"2\" tabindex=\"-1\" aria-expanded=\"false\" aria-controls=\"e-n-accordion-item-2161\" >\n\t\t\t\t\t<span class='e-n-accordion-item-title-header'><div class=\"e-n-accordion-item-title-text\"> Jak si vybrat spr\u00e1vnou velikost produktu? <\/div><\/span>\n\t\t\t\t\t\t\t<span class='e-n-accordion-item-title-icon'>\n\t\t\t<span class='e-opened' ><i aria-hidden=\"true\" class=\"fas fa-angle-down\"><\/i><\/span>\n\t\t\t<span class='e-closed'><i aria-hidden=\"true\" class=\"fas fa-angle-up\"><\/i><\/span>\n\t\t<\/span>\n\n\t\t\t\t\t\t<\/summary>\n\t\t\t\t<div role=\"region\" aria-labelledby=\"e-n-accordion-item-2161\" class=\"elementor-element elementor-element-ef5b0e6 e-con-full e-flex e-con e-child\" data-id=\"ef5b0e6\" data-element_type=\"container\">\n\t\t\t\t<div class=\"elementor-element elementor-element-03d8eae elementor-widget__width-inherit elementor-widget-mobile__width-inherit elementor-widget elementor-widget-text-editor\" data-id=\"03d8eae\" data-element_type=\"widget\" data-widget_type=\"text-editor.default\">\n\t\t\t\t<div class=\"elementor-widget-container\">\n\t\t\t\t\t\t\t\t\t<p>Pod\u00edvejte se na na\u0161i <strong>tabulku velikost\u00ed<\/strong>, kterou <strong>najdete v popisu ka\u017ed\u00e9ho produktu.<\/strong> <\/p>\n\t\t\t\t\t\t\t\t<\/div>\n\t\t\t\t<\/div>\n\t\t\t\t<\/div>\n\t\t\t\t\t<\/details>\n\t\t\t\t\t\t<details id=\"e-n-accordion-item-2162\" class=\"e-n-accordion-item\" >\n\t\t\t\t<summary class=\"e-n-accordion-item-title\" data-accordion-index=\"3\" tabindex=\"-1\" aria-expanded=\"false\" aria-controls=\"e-n-accordion-item-2162\" >\n\t\t\t\t\t<span class='e-n-accordion-item-title-header'><div class=\"e-n-accordion-item-title-text\"> Jak si vybrat spr\u00e1vnou velikost v\u00fd\u0161ivkov\u00e9ho r\u00e1me\u010dku? <\/div><\/span>\n\t\t\t\t\t\t\t<span class='e-n-accordion-item-title-icon'>\n\t\t\t<span class='e-opened' ><i aria-hidden=\"true\" class=\"fas fa-angle-down\"><\/i><\/span>\n\t\t\t<span class='e-closed'><i aria-hidden=\"true\" class=\"fas fa-angle-up\"><\/i><\/span>\n\t\t<\/span>\n\n\t\t\t\t\t\t<\/summary>\n\t\t\t\t<div role=\"region\" aria-labelledby=\"e-n-accordion-item-2162\" class=\"elementor-element elementor-element-35f4a58 e-con-full e-flex e-con e-child\" data-id=\"35f4a58\" data-element_type=\"container\">\n\t\t\t\t<div class=\"elementor-element elementor-element-c7c047a elementor-widget__width-inherit elementor-widget-mobile__width-inherit elementor-widget elementor-widget-text-editor\" data-id=\"c7c047a\" data-element_type=\"widget\" data-widget_type=\"text-editor.default\">\n\t\t\t\t<div class=\"elementor-widget-container\">\n\t\t\t\t\t\t\t\t\t<p>Pokud m\u00e1te <strong>jednoduch\u00e9 obr\u00e1zky <\/strong>nebo jednoslovn\u00e9 texty, klidn\u011b si zvolte <strong>nejmen\u0161\u00ed r\u00e1me\u010dek. <\/strong>Pro <strong>slo\u017eit\u011bj\u0161\u00ed obr\u00e1zky<\/strong> s velk\u00fdm mno\u017estv\u00edm detail\u016f (jako nap\u0159\u00edklad cel\u00e1 barevn\u00e1 rodina) <strong>doporu\u010dujeme v\u011bt\u0161\u00ed r\u00e1me\u010dek.<\/strong> Na men\u0161\u00edm form\u00e1tu by se detaily mohly ztratit a nebudou tak p\u011bkn\u011b viditeln\u00e9.<\/p>\n\t\t\t\t\t\t\t\t<\/div>\n\t\t\t\t<\/div>\n\t\t\t\t<\/div>\n\t\t\t\t\t<\/details>\n\t\t\t\t\t\t<details id=\"e-n-accordion-item-2163\" class=\"e-n-accordion-item\" >\n\t\t\t\t<summary class=\"e-n-accordion-item-title\" data-accordion-index=\"4\" tabindex=\"-1\" aria-expanded=\"false\" aria-controls=\"e-n-accordion-item-2163\" >\n\t\t\t\t\t<span class='e-n-accordion-item-title-header'><div class=\"e-n-accordion-item-title-text\"> Pro v\u00fd\u0161ivku je vhodn\u011bj\u0161\u00ed tri\u010dko nebo mikina? <\/div><\/span>\n\t\t\t\t\t\t\t<span class='e-n-accordion-item-title-icon'>\n\t\t\t<span class='e-opened' ><i aria-hidden=\"true\" class=\"fas fa-angle-down\"><\/i><\/span>\n\t\t\t<span class='e-closed'><i aria-hidden=\"true\" class=\"fas fa-angle-up\"><\/i><\/span>\n\t\t<\/span>\n\n\t\t\t\t\t\t<\/summary>\n\t\t\t\t<div role=\"region\" aria-labelledby=\"e-n-accordion-item-2163\" class=\"elementor-element elementor-element-3bb2ac4 e-con-full e-flex e-con e-child\" data-id=\"3bb2ac4\" data-element_type=\"container\">\n\t\t\t\t<div class=\"elementor-element elementor-element-5ea1064 elementor-widget__width-inherit elementor-widget-mobile__width-inherit elementor-widget elementor-widget-text-editor\" data-id=\"5ea1064\" data-element_type=\"widget\" data-widget_type=\"text-editor.default\">\n\t\t\t\t<div class=\"elementor-widget-container\">\n\t\t\t\t\t\t\t\t\t<p><strong>Doporu\u010dujeme mikinu! <\/strong>Mikiny jsou vyroben\u00e9 z siln\u011bj\u0161\u00edho materi\u00e1lu, tak\u017ee v\u00fd\u0161ivky na nich vypadaj\u00ed mnohem kr\u00e1sn\u011bji a kvalitn\u011bji. <strong>Na tri\u010dka doporu\u010dujeme jednoduch\u00e9 obr\u00e1zky <\/strong>v link\u00e1ch, proto\u017ee pokud bychom na tri\u010dko vy\u0161ili mnoho steh\u016f, mohlo by se pokr\u010dit a v\u00fd\u0161ivka by nevypadala nejl\u00e9pe. <strong>Na mikinu m\u016f\u017eeme vy\u0161\u00edt prakticky cokoliv a bez obav, \u017ee by materi\u00e1l \u0161patn\u011b reagoval.<\/strong> <\/p>\n\t\t\t\t\t\t\t\t<\/div>\n\t\t\t\t<\/div>\n\t\t\t\t<\/div>\n\t\t\t\t\t<\/details>\n\t\t\t\t\t\t<details id=\"e-n-accordion-item-2164\" class=\"e-n-accordion-item\" >\n\t\t\t\t<summary class=\"e-n-accordion-item-title\" data-accordion-index=\"5\" tabindex=\"-1\" aria-expanded=\"false\" aria-controls=\"e-n-accordion-item-2164\" >\n\t\t\t\t\t<span class='e-n-accordion-item-title-header'><div class=\"e-n-accordion-item-title-text\"> Jak\u00e1 je cena v\u00fd\u0161ivky? <\/div><\/span>\n\t\t\t\t\t\t\t<span class='e-n-accordion-item-title-icon'>\n\t\t\t<span class='e-opened' ><i aria-hidden=\"true\" class=\"fas fa-angle-down\"><\/i><\/span>\n\t\t\t<span class='e-closed'><i aria-hidden=\"true\" class=\"fas fa-angle-up\"><\/i><\/span>\n\t\t<\/span>\n\n\t\t\t\t\t\t<\/summary>\n\t\t\t\t<div role=\"region\" aria-labelledby=\"e-n-accordion-item-2164\" class=\"elementor-element elementor-element-02a15f0 e-con-full e-flex e-con e-child\" data-id=\"02a15f0\" data-element_type=\"container\">\n\t\t\t\t<div class=\"elementor-element elementor-element-cb1e261 elementor-widget__width-inherit elementor-widget-mobile__width-inherit elementor-widget elementor-widget-text-editor\" data-id=\"cb1e261\" data-element_type=\"widget\" data-widget_type=\"text-editor.default\">\n\t\t\t\t<div class=\"elementor-widget-container\">\n\t\t\t\t\t\t\t\t\t<p><strong>V cen\u011b je mal\u00e1 v\u00fd\u0161ivka o velikosti 11 \u00d7 11 cm.<\/strong> Pokud byste cht\u011bli v\u011bt\u0161\u00ed,<strong> v\u00fd\u0161ivka o velikosti 19 \u00d7 14 cm je za p\u0159\u00edplatek 380 k\u010d<\/strong> a nejv\u011bt\u0161\u00ed <strong>31 \u00d7 21 cm je za p\u0159\u00edplatek 760 k\u010d.<\/strong><\/p>\n<p>Pokud m\u00e1te z\u00e1jem o v\u00edce obr\u00e1zk\u016f na stejn\u00fd kus oble\u010den\u00ed, ceny jsou n\u00e1sleduj\u00edc\u00ed:<\/p>\n<p>11 \u00d7 11 cm: 380 k\u010d<br \/>19 \u00d7 14 cm: 760 k\u010d<br \/>31 \u00d7 21 cm: 1520 k\u010d<\/p>\n<p>R\u00e1di v\u00e1m pom\u016f\u017eeme vybrat tu spr\u00e1vnou velikost v\u00fd\u0161ivky, aby byl v\u00fdsledek co nejkr\u00e1sn\u011bj\u0161\u00ed!<\/p>\n\t\t\t\t\t\t\t\t<\/div>\n\t\t\t\t<\/div>\n\t\t\t\t<\/div>\n\t\t\t\t\t<\/details>\n\t\t\t\t\t\t<details id=\"e-n-accordion-item-2165\" class=\"e-n-accordion-item\" >\n\t\t\t\t<summary class=\"e-n-accordion-item-title\" data-accordion-index=\"6\" tabindex=\"-1\" aria-expanded=\"false\" aria-controls=\"e-n-accordion-item-2165\" >\n\t\t\t\t\t<span class='e-n-accordion-item-title-header'><div class=\"e-n-accordion-item-title-text\"> Na jak\u00e9 oble\u010den\u00ed vy\u0161\u00edv\u00e1me? <\/div><\/span>\n\t\t\t\t\t\t\t<span class='e-n-accordion-item-title-icon'>\n\t\t\t<span class='e-opened' ><i aria-hidden=\"true\" class=\"fas fa-angle-down\"><\/i><\/span>\n\t\t\t<span class='e-closed'><i aria-hidden=\"true\" class=\"fas fa-angle-up\"><\/i><\/span>\n\t\t<\/span>\n\n\t\t\t\t\t\t<\/summary>\n\t\t\t\t<div role=\"region\" aria-labelledby=\"e-n-accordion-item-2165\" class=\"elementor-element elementor-element-3ca028a e-con-full e-flex e-con e-child\" data-id=\"3ca028a\" data-element_type=\"container\">\n\t\t\t\t<div class=\"elementor-element elementor-element-b6af41f elementor-widget__width-inherit elementor-widget-mobile__width-inherit elementor-widget elementor-widget-text-editor\" data-id=\"b6af41f\" data-element_type=\"widget\" data-widget_type=\"text-editor.default\">\n\t\t\t\t<div class=\"elementor-widget-container\">\n\t\t\t\t\t\t\t\t\t<p>Pracujeme v\u00fdhradn\u011b s <strong>100% organickou bavlnou<\/strong> a recyklovan\u00fdmi materi\u00e1ly. Spolupracujeme p\u0159edev\u0161\u00edm se zna\u010dkou, kter\u00e1 spl\u0148uje mnoh\u00e9 ekocertifikace, v\u010detn\u011b <strong>certifik\u00e1tu GOTS<\/strong> (Global Organic Textile Standard). Tento certifik\u00e1t zaru\u010duje nejvy\u0161\u0161\u00ed ekologick\u00e9 a soci\u00e1ln\u00ed standardy p\u0159i v\u00fdrob\u011b textilu \u2013 od p\u011bstov\u00e1n\u00ed bavlny a\u017e po v\u00fdrobu a barven\u00ed hotov\u00fdch od\u011bv\u016f. Z jej\u00ed produkce vyb\u00edr\u00e1me ov\u011b\u0159en\u00e9 i trendy produkty, kter\u00e9 jsou \u0161etrn\u00e9 k p\u0159\u00edrod\u011b a z\u00e1rove\u0148 pohodln\u00e9.   <\/p><\/p>\n\t\t\t\t\t\t\t\t<\/div>\n\t\t\t\t<\/div>\n\t\t\t\t<\/div>\n\t\t\t\t\t<\/details>\n\t\t\t\t\t\t<details id=\"e-n-accordion-item-2166\" class=\"e-n-accordion-item\" >\n\t\t\t\t<summary class=\"e-n-accordion-item-title\" data-accordion-index=\"7\" tabindex=\"-1\" aria-expanded=\"false\" aria-controls=\"e-n-accordion-item-2166\" >\n\t\t\t\t\t<span class='e-n-accordion-item-title-header'><div class=\"e-n-accordion-item-title-text\"> Je mo\u017en\u00e9 n\u00e1m poslat vlastn\u00ed textil? <\/div><\/span>\n\t\t\t\t\t\t\t<span class='e-n-accordion-item-title-icon'>\n\t\t\t<span class='e-opened' ><i aria-hidden=\"true\" class=\"fas fa-angle-down\"><\/i><\/span>\n\t\t\t<span class='e-closed'><i aria-hidden=\"true\" class=\"fas fa-angle-up\"><\/i><\/span>\n\t\t<\/span>\n\n\t\t\t\t\t\t<\/summary>\n\t\t\t\t<div role=\"region\" aria-labelledby=\"e-n-accordion-item-2166\" class=\"elementor-element elementor-element-89f47f0 e-con-full e-flex e-con e-child\" data-id=\"89f47f0\" data-element_type=\"container\">\n\t\t\t\t<div class=\"elementor-element elementor-element-64d02e9 elementor-widget__width-inherit elementor-widget-mobile__width-inherit elementor-widget elementor-widget-text-editor\" data-id=\"64d02e9\" data-element_type=\"widget\" data-widget_type=\"text-editor.default\">\n\t\t\t\t<div class=\"elementor-widget-container\">\n\t\t\t\t\t\t\t\t\t<p>Bohu\u017eel, <strong>v sou\u010dasnosti to nen\u00ed mo\u017en\u00e9.<\/strong> D\u00e1v\u00e1me si z\u00e1le\u017eet na kvalit\u011b materi\u00e1l\u016f, se kter\u00fdmi pracujeme, abychom zajistili, \u017ee v\u00fd\u0161ivky budou vypadat co nejl\u00e9pe a vydr\u017e\u00ed d\u00e9le. Proto pou\u017e\u00edv\u00e1me pouze na\u0161e ov\u011b\u0159en\u00e9 produkty. <\/p>\n\t\t\t\t\t\t\t\t<\/div>\n\t\t\t\t<\/div>\n\t\t\t\t<\/div>\n\t\t\t\t\t<\/details>\n\t\t\t\t\t\t<details id=\"e-n-accordion-item-2167\" class=\"e-n-accordion-item\" >\n\t\t\t\t<summary class=\"e-n-accordion-item-title\" data-accordion-index=\"8\" tabindex=\"-1\" aria-expanded=\"false\" aria-controls=\"e-n-accordion-item-2167\" >\n\t\t\t\t\t<span class='e-n-accordion-item-title-header'><div class=\"e-n-accordion-item-title-text\"> Jak se o v\u00fd\u0161ivku starat? <\/div><\/span>\n\t\t\t\t\t\t\t<span class='e-n-accordion-item-title-icon'>\n\t\t\t<span class='e-opened' ><i aria-hidden=\"true\" class=\"fas fa-angle-down\"><\/i><\/span>\n\t\t\t<span class='e-closed'><i aria-hidden=\"true\" class=\"fas fa-angle-up\"><\/i><\/span>\n\t\t<\/span>\n\n\t\t\t\t\t\t<\/summary>\n\t\t\t\t<div role=\"region\" aria-labelledby=\"e-n-accordion-item-2167\" class=\"elementor-element elementor-element-bd2280c e-con-full e-flex e-con e-child\" data-id=\"bd2280c\" data-element_type=\"container\">\n\t\t\t\t<div class=\"elementor-element elementor-element-c55e022 elementor-widget__width-inherit elementor-widget-mobile__width-inherit elementor-widget elementor-widget-text-editor\" data-id=\"c55e022\" data-element_type=\"widget\" data-widget_type=\"text-editor.default\">\n\t\t\t\t<div class=\"elementor-widget-container\">\n\t\t\t\t\t\t\t\t\t<p><strong>V\u00fd\u0161ivku perte podle pokyn\u016f na \u0161t\u00edtku na oble\u010den\u00ed. <\/strong>Po vypr\u00e1n\u00ed je nejlep\u0161\u00ed <strong>v\u00fd\u0161ivku p\u0159e\u017eehlit,<\/strong> aby se p\u011bkn\u011b vyrovnala a zachovala si sv\u016fj tvar. Takto se o ni postar\u00e1te a zajist\u00edte jej\u00ed dlouhou \u017eivotnost. <\/p>\n\t\t\t\t\t\t\t\t<\/div>\n\t\t\t\t<\/div>\n\t\t\t\t<\/div>\n\t\t\t\t\t<\/details>\n\t\t\t\t\t\t<details id=\"e-n-accordion-item-2168\" class=\"e-n-accordion-item\" >\n\t\t\t\t<summary class=\"e-n-accordion-item-title\" data-accordion-index=\"9\" tabindex=\"-1\" aria-expanded=\"false\" aria-controls=\"e-n-accordion-item-2168\" >\n\t\t\t\t\t<span class='e-n-accordion-item-title-header'><div class=\"e-n-accordion-item-title-text\"> Jak\u00e1 je doba dod\u00e1n\u00ed? <\/div><\/span>\n\t\t\t\t\t\t\t<span class='e-n-accordion-item-title-icon'>\n\t\t\t<span class='e-opened' ><i aria-hidden=\"true\" class=\"fas fa-angle-down\"><\/i><\/span>\n\t\t\t<span class='e-closed'><i aria-hidden=\"true\" class=\"fas fa-angle-up\"><\/i><\/span>\n\t\t<\/span>\n\n\t\t\t\t\t\t<\/summary>\n\t\t\t\t<div role=\"region\" aria-labelledby=\"e-n-accordion-item-2168\" class=\"elementor-element elementor-element-e35c98c e-con-full e-flex e-con e-child\" data-id=\"e35c98c\" data-element_type=\"container\">\n\t\t\t\t<div class=\"elementor-element elementor-element-81fa8fa elementor-widget__width-inherit elementor-widget-mobile__width-inherit elementor-widget elementor-widget-text-editor\" data-id=\"81fa8fa\" data-element_type=\"widget\" data-widget_type=\"text-editor.default\">\n\t\t\t\t<div class=\"elementor-widget-container\">\n\t\t\t\t\t\t\t\t\t<p><strong>Standardn\u00ed doru\u010den\u00ed <\/strong>trv\u00e1 <strong>2-3 t\u00fddny <\/strong>od zaplacen\u00ed objedn\u00e1vky. Pokud pot\u0159ebujete objedn\u00e1vku d\u0159\u00edve, nab\u00edz\u00edme <strong>expresn\u00ed doru\u010den\u00ed do 1 t\u00fddne <\/strong>za p\u0159\u00edplatek 20 \u20ac. <\/p>\n\t\t\t\t\t\t\t\t<\/div>\n\t\t\t\t<\/div>\n\t\t\t\t<\/div>\n\t\t\t\t\t<\/details>\n\t\t\t\t\t<\/div>\n\t\t\t\t\t\t<\/div>\n\t\t\t\t<\/div>\n\t\t\t\t<\/div>\n\t\t\t\t<\/div>\n\t\t","protected":false},"excerpt":{"rendered":"<p>Va\u0161e ot\u00e1zky, na\u0161e odpov\u011bdi. Najdete zde odpov\u011bdi na ot\u00e1zky, kter\u00e9 n\u00e1m z\u00e1kazn\u00edci kladou nej\u010dast\u011bji. Douf\u00e1me, \u017ee v\u00e1m tyto informace pomohou a usnadn\u00ed vyu\u017e\u00edv\u00e1n\u00ed na\u0161ich slu\u017eeb. Pokud svou odpov\u011b\u010f nenajdete, nev\u00e1hejte n\u00e1s kontaktovat \u2013 r\u00e1di v\u00e1m pom\u016f\u017eeme. Jak si objednat vlastn\u00ed v\u00fd\u0161ivku? Je to opravdu jednoduch\u00e9! Sta\u010d\u00ed vyplnit objedn\u00e1vku na na\u0161em webu, nahr\u00e1t obr\u00e1zek a v [&hellip;]<\/p>\n","protected":false},"author":1,"featured_media":0,"parent":0,"menu_order":0,"comment_status":"closed","ping_status":"closed","template":"elementor_header_footer","meta":{"footnotes":""},"_links":{"self":[{"href":"https:\/\/tuhart.com\/cs\/wp-json\/wp\/v2\/pages\/6565"}],"collection":[{"href":"https:\/\/tuhart.com\/cs\/wp-json\/wp\/v2\/pages"}],"about":[{"href":"https:\/\/tuhart.com\/cs\/wp-json\/wp\/v2\/types\/page"}],"author":[{"embeddable":true,"href":"https:\/\/tuhart.com\/cs\/wp-json\/wp\/v2\/users\/1"}],"replies":[{"embeddable":true,"href":"https:\/\/tuhart.com\/cs\/wp-json\/wp\/v2\/comments?post=6565"}],"version-history":[{"count":3,"href":"https:\/\/tuhart.com\/cs\/wp-json\/wp\/v2\/pages\/6565\/revisions"}],"predecessor-version":[{"id":6885,"href":"https:\/\/tuhart.com\/cs\/wp-json\/wp\/v2\/pages\/6565\/revisions\/6885"}],"wp:attachment":[{"href":"https:\/\/tuhart.com\/cs\/wp-json\/wp\/v2\/media?parent=6565"}],"curies":[{"name":"wp","href":"https:\/\/api.w.org\/{rel}","templated":true}]}}