{"id":6603,"date":"2025-01-13T22:24:21","date_gmt":"2025-01-13T21:24:21","guid":{"rendered":"https:\/\/tuhart.com\/produkt\/frote-rucnik\/"},"modified":"2026-03-27T08:09:15","modified_gmt":"2026-03-27T07:09:15","slug":"frote-rucnik","status":"publish","type":"product","link":"https:\/\/tuhart.com\/cs\/produkt\/frote-rucnik\/","title":{"rendered":"Frot\u00e9 ru\u010dn\u00edk"},"content":{"rendered":"<p>Hled\u00e1\u0161 origin\u00e1ln\u00ed d\u00e1rek?<\/p>\n<p>Jsi na spr\u00e1vn\u00e9m m\u00edst\u011b! Tvoje kresbi\u010dka se vyd\u00e1 na dobrodru\u017enou cestu a my se postar\u00e1me o to, aby se stala sou\u010d\u00e1st\u00ed origin\u00e1ln\u00ed osu\u0161ky pln\u00e9 vzpom\u00ednek.<\/p>\n<p>Jak to funguje?<br \/>\n1\ufe0f\u20e3 Nahraj sv\u016fj obr\u00e1zek.<br \/>\n2\ufe0f\u20e3 Ode\u0161li objedn\u00e1vku.<\/p>\n<p><strong>Standardn\u00ed doba dod\u00e1n\u00ed je 2\u20133 t\u00fddny<\/strong> od zaplacen\u00ed objedn\u00e1vky.<br \/>\n<strong>Expresn\u00ed doru\u010den\u00ed je do 1 t\u00fddne<\/strong> od zaplacen\u00ed objedn\u00e1vky, za p\u0159\u00edplatek 20\u20ac .<\/p>\n<p><strong>T\u011b\u0161\u00edme se na spolupr\u00e1ci s tebou!<\/strong><\/p>\n","protected":false},"excerpt":{"rendered":"<p>Hled\u00e1\u0161 origin\u00e1ln\u00ed d\u00e1rek? Jsi na spr\u00e1vn\u00e9m m\u00edst\u011b! Tvoje kresbi\u010dka se vyd\u00e1 na dobrodru\u017enou cestu a my se postar\u00e1me o to, aby se stala sou\u010d\u00e1st\u00ed origin\u00e1ln\u00ed osu\u0161ky pln\u00e9 vzpom\u00ednek. Jak to funguje? 1\ufe0f\u20e3 Nahraj sv\u016fj obr\u00e1zek. 2\ufe0f\u20e3 Ode\u0161li objedn\u00e1vku. Standardn\u00ed doba dod\u00e1n\u00ed je 2\u20133 t\u00fddny od zaplacen\u00ed objedn\u00e1vky. Expresn\u00ed doru\u010den\u00ed je do 1 t\u00fddne od zaplacen\u00ed [&hellip;]<\/p>\n","protected":false},"featured_media":6303,"comment_status":"open","ping_status":"closed","template":"","meta":[],"product_cat":[2213],"product_tag":[],"_links":{"self":[{"href":"https:\/\/tuhart.com\/cs\/wp-json\/wp\/v2\/product\/6603"}],"collection":[{"href":"https:\/\/tuhart.com\/cs\/wp-json\/wp\/v2\/product"}],"about":[{"href":"https:\/\/tuhart.com\/cs\/wp-json\/wp\/v2\/types\/product"}],"replies":[{"embeddable":true,"href":"https:\/\/tuhart.com\/cs\/wp-json\/wp\/v2\/comments?post=6603"}],"wp:featuredmedia":[{"embeddable":true,"href":"https:\/\/tuhart.com\/cs\/wp-json\/wp\/v2\/media\/6303"}],"wp:attachment":[{"href":"https:\/\/tuhart.com\/cs\/wp-json\/wp\/v2\/media?parent=6603"}],"wp:term":[{"taxonomy":"product_cat","embeddable":true,"href":"https:\/\/tuhart.com\/cs\/wp-json\/wp\/v2\/product_cat?post=6603"},{"taxonomy":"product_tag","embeddable":true,"href":"https:\/\/tuhart.com\/cs\/wp-json\/wp\/v2\/product_tag?post=6603"}],"curies":[{"name":"wp","href":"https:\/\/api.w.org\/{rel}","templated":true}]}}