{"id":6605,"date":"2025-01-13T21:44:25","date_gmt":"2025-01-13T20:44:25","guid":{"rendered":"https:\/\/tuhart.com\/produkt\/mikina-s-kapuci\/"},"modified":"2026-03-27T08:08:23","modified_gmt":"2026-03-27T07:08:23","slug":"mikina-s-kapuci","status":"publish","type":"product","link":"https:\/\/tuhart.com\/cs\/produkt\/mikina-s-kapuci\/","title":{"rendered":"Mikina s kapuc\u00ed"},"content":{"rendered":"<p><strong>Chce\u0161 m\u00edt mikinu, kter\u00e1 bude naprosto unik\u00e1tn\u00ed a pln\u00e1 vzpom\u00ednek?<\/strong><\/p>\n<p>Jsi na spr\u00e1vn\u00e9m m\u00edst\u011b! Tvoje kresbi\u010dka se vyd\u00e1 na dobrodru\u017enou cestu a my se postar\u00e1me o to, aby se stala sou\u010d\u00e1st\u00ed zcela nov\u00e9 a jedine\u010dn\u00e9 mikiny pln\u00e9 vzpom\u00ednek.<\/p>\n<p><strong>Jak to funguje?<\/strong><br \/>\n1\ufe0f\u20e3 Vyber si barvu a velikost mikiny.<br \/>\n2\ufe0f\u20e3 Zvol velikost a um\u00edst\u011bn\u00ed v\u00fd\u0161ivky.<br \/>\n3\ufe0f\u20e3 Nahraj svou kresbu.<br \/>\n4\ufe0f\u20e3 Do pozn\u00e1mky n\u00e1m napi\u0161, jak si v\u00fd\u0161ivku p\u0159edstavuje\u0161 \u2013 co z obr\u00e1zku m\u00e1me odstranit a jak\u00e9 barvy nit\u00ed m\u00e1me pou\u017e\u00edt.<br \/>\n5\ufe0f\u20e3 Odesli objedn\u00e1vku.<\/p>\n<p><strong>Standardn\u00ed doba dod\u00e1n\u00ed je 2\u20133 t\u00fddny<\/strong> od zaplacen\u00ed objedn\u00e1vky.<br \/>\n<strong>Expresn\u00ed doru\u010den\u00ed je do 1 t\u00fddne<\/strong> od zaplacen\u00ed objedn\u00e1vky, za p\u0159\u00edplatek 20\u20ac .<\/p>\n<p>Tak nev\u00e1hej a vytvo\u0159 si nyn\u00ed vlastn\u00ed a naprosto origin\u00e1ln\u00ed mikinu!<\/p>\n<p><strong>T\u011b\u0161\u00edme se na spolupr\u00e1ci s tebou!<\/strong><\/p>\n","protected":false},"excerpt":{"rendered":"<p>Chce\u0161 m\u00edt mikinu, kter\u00e1 bude naprosto unik\u00e1tn\u00ed a pln\u00e1 vzpom\u00ednek? Jsi na spr\u00e1vn\u00e9m m\u00edst\u011b! Tvoje kresbi\u010dka se vyd\u00e1 na dobrodru\u017enou cestu a my se postar\u00e1me o to, aby se stala sou\u010d\u00e1st\u00ed zcela nov\u00e9 a jedine\u010dn\u00e9 mikiny pln\u00e9 vzpom\u00ednek. Jak to funguje? 1\ufe0f\u20e3 Vyber si barvu a velikost mikiny. 2\ufe0f\u20e3 Zvol velikost a um\u00edst\u011bn\u00ed v\u00fd\u0161ivky. 3\ufe0f\u20e3 [&hellip;]<\/p>\n","protected":false},"featured_media":6339,"comment_status":"open","ping_status":"closed","template":"","meta":[],"product_cat":[2213],"product_tag":[],"_links":{"self":[{"href":"https:\/\/tuhart.com\/cs\/wp-json\/wp\/v2\/product\/6605"}],"collection":[{"href":"https:\/\/tuhart.com\/cs\/wp-json\/wp\/v2\/product"}],"about":[{"href":"https:\/\/tuhart.com\/cs\/wp-json\/wp\/v2\/types\/product"}],"replies":[{"embeddable":true,"href":"https:\/\/tuhart.com\/cs\/wp-json\/wp\/v2\/comments?post=6605"}],"wp:featuredmedia":[{"embeddable":true,"href":"https:\/\/tuhart.com\/cs\/wp-json\/wp\/v2\/media\/6339"}],"wp:attachment":[{"href":"https:\/\/tuhart.com\/cs\/wp-json\/wp\/v2\/media?parent=6605"}],"wp:term":[{"taxonomy":"product_cat","embeddable":true,"href":"https:\/\/tuhart.com\/cs\/wp-json\/wp\/v2\/product_cat?post=6605"},{"taxonomy":"product_tag","embeddable":true,"href":"https:\/\/tuhart.com\/cs\/wp-json\/wp\/v2\/product_tag?post=6605"}],"curies":[{"name":"wp","href":"https:\/\/api.w.org\/{rel}","templated":true}]}}