{"id":6630,"date":"2024-06-20T16:22:21","date_gmt":"2024-06-20T14:22:21","guid":{"rendered":"https:\/\/tuhart.com\/produkt\/tajemstvi-lesa-mikina-s-liskou\/"},"modified":"2025-01-19T11:43:17","modified_gmt":"2025-01-19T10:43:17","slug":"tajemstvi-lesa-mikina-s-liskou","status":"publish","type":"product","link":"https:\/\/tuhart.com\/cs\/produkt\/tajemstvi-lesa-mikina-s-liskou\/","title":{"rendered":"Tajemstv\u00ed Lesa: Mikina s Li\u0161kou"},"content":{"rendered":"<p>Chv\u00edli se zastavte u t\u00e9to mikiny a p\u0159edstavte si, jak\u00e1 vzru\u0161uj\u00edc\u00ed dobrodru\u017estv\u00ed by tato li\u0161ka mohla za\u017e\u00edt. Tato li\u0161ka s jiskrou v o\u010d\u00edch v\u00e1s zve do sv\u011bta pln\u00e9ho tajemstv\u00ed a ne\u010dekan\u00fdch objev\u016f. Se svou bystrou mysl\u00ed a odvahou p\u0159ekon\u00e1v\u00e1 p\u0159ek\u00e1\u017eky, objevuje skryt\u00e1 z\u00e1kout\u00ed lesa a vede n\u00e1s na cesty, kde se p\u0159\u00edroda setk\u00e1v\u00e1 s magi\u00ed.  <\/p>\n","protected":false},"excerpt":{"rendered":"<p>Chv\u00edli se zastavte u t\u00e9to mikiny a p\u0159edstavte si, jak\u00e1 vzru\u0161uj\u00edc\u00ed dobrodru\u017estv\u00ed by tato li\u0161ka mohla za\u017e\u00edt. Tato li\u0161ka s jiskrou v o\u010d\u00edch v\u00e1s zve do sv\u011bta pln\u00e9ho tajemstv\u00ed a ne\u010dekan\u00fdch objev\u016f. Se svou bystrou mysl\u00ed a odvahou p\u0159ekon\u00e1v\u00e1 p\u0159ek\u00e1\u017eky, objevuje skryt\u00e1 z\u00e1kout\u00ed lesa a vede n\u00e1s na cesty, kde se p\u0159\u00edroda setk\u00e1v\u00e1 s magi\u00ed.<\/p>\n","protected":false},"featured_media":6307,"comment_status":"open","ping_status":"closed","template":"","meta":[],"product_cat":[2207,2209,2197],"product_tag":[],"_links":{"self":[{"href":"https:\/\/tuhart.com\/cs\/wp-json\/wp\/v2\/product\/6630"}],"collection":[{"href":"https:\/\/tuhart.com\/cs\/wp-json\/wp\/v2\/product"}],"about":[{"href":"https:\/\/tuhart.com\/cs\/wp-json\/wp\/v2\/types\/product"}],"replies":[{"embeddable":true,"href":"https:\/\/tuhart.com\/cs\/wp-json\/wp\/v2\/comments?post=6630"}],"wp:featuredmedia":[{"embeddable":true,"href":"https:\/\/tuhart.com\/cs\/wp-json\/wp\/v2\/media\/6307"}],"wp:attachment":[{"href":"https:\/\/tuhart.com\/cs\/wp-json\/wp\/v2\/media?parent=6630"}],"wp:term":[{"taxonomy":"product_cat","embeddable":true,"href":"https:\/\/tuhart.com\/cs\/wp-json\/wp\/v2\/product_cat?post=6630"},{"taxonomy":"product_tag","embeddable":true,"href":"https:\/\/tuhart.com\/cs\/wp-json\/wp\/v2\/product_tag?post=6630"}],"curies":[{"name":"wp","href":"https:\/\/api.w.org\/{rel}","templated":true}]}}