{"id":6639,"date":"2023-11-25T13:56:54","date_gmt":"2023-11-25T12:56:54","guid":{"rendered":"https:\/\/tuhart.com\/produkt\/voucher\/"},"modified":"2023-11-25T13:56:54","modified_gmt":"2023-11-25T12:56:54","slug":"voucher","status":"publish","type":"product","link":"https:\/\/tuhart.com\/cs\/produkt\/voucher\/","title":{"rendered":"Voucher"},"content":{"rendered":"<p><strong>UPOZORN\u011aN\u00cd: P\u0159i n\u00e1kupu v internetov\u00e9m obchod\u011b m\u016f\u017eete vyu\u017e\u00edt pouze jeden voucher na jednu objedn\u00e1vku.<\/strong> Pokud nevy\u010derp\u00e1te celou hodnotu voucheru, napi\u0161te n\u00e1m e-mail a r\u00e1di v\u00e1m vytvo\u0159\u00edme nov\u00fd voucher s z\u016fstatkovou hodnotou. Nov\u00fd voucher v\u00e1m za\u0161leme e-mailem, abyste nem\u011bli platit po\u0161tovn\u00e9. <\/p>\n<p><strong>Platnost va\u0161eho voucheru je 12 m\u011bs\u00edc\u016f.<\/strong><\/p>\n<p>Pokud \u017e\u00e1dn\u00e1 z uveden\u00fdch mo\u017enost\u00ed nevyhovuje, pros\u00edm, kontaktujte n\u00e1s e-mailem s informac\u00ed o po\u017eadovan\u00e9 \u010d\u00e1stce pro voucher, kter\u00e1 p\u0159esahuje 630 k\u010d. Jsme p\u0159ipraveni vyhov\u011bt va\u0161im po\u017eadavk\u016fm! <\/p>\n<p>&nbsp;<\/p>\n","protected":false},"excerpt":{"rendered":"<p>Hled\u00e1te origin\u00e1ln\u00ed d\u00e1rek pro sv\u00e9 p\u0159\u00e1tele a nem\u00e1te \u017e\u00e1dnou konkr\u00e9tn\u00ed p\u0159edstavu? M\u00e1me pro v\u00e1s skv\u011bl\u00e9 \u0159e\u0161en\u00ed! S na\u0161\u00edm d\u00e1rkov\u00fdm voucherem m\u016f\u017eete pot\u011b\u0161it ka\u017ed\u00e9ho a z\u00e1rove\u0148 mu poskytnout p\u0159\u00edle\u017eitost vytvo\u0159it si u n\u00e1s vlastn\u00ed, jedine\u010dnou v\u00fd\u0161ivku.  <\/p>\n","protected":false},"featured_media":6269,"comment_status":"closed","ping_status":"closed","template":"","meta":[],"product_cat":[2197,2215],"product_tag":[],"_links":{"self":[{"href":"https:\/\/tuhart.com\/cs\/wp-json\/wp\/v2\/product\/6639"}],"collection":[{"href":"https:\/\/tuhart.com\/cs\/wp-json\/wp\/v2\/product"}],"about":[{"href":"https:\/\/tuhart.com\/cs\/wp-json\/wp\/v2\/types\/product"}],"replies":[{"embeddable":true,"href":"https:\/\/tuhart.com\/cs\/wp-json\/wp\/v2\/comments?post=6639"}],"wp:featuredmedia":[{"embeddable":true,"href":"https:\/\/tuhart.com\/cs\/wp-json\/wp\/v2\/media\/6269"}],"wp:attachment":[{"href":"https:\/\/tuhart.com\/cs\/wp-json\/wp\/v2\/media?parent=6639"}],"wp:term":[{"taxonomy":"product_cat","embeddable":true,"href":"https:\/\/tuhart.com\/cs\/wp-json\/wp\/v2\/product_cat?post=6639"},{"taxonomy":"product_tag","embeddable":true,"href":"https:\/\/tuhart.com\/cs\/wp-json\/wp\/v2\/product_tag?post=6639"}],"curies":[{"name":"wp","href":"https:\/\/api.w.org\/{rel}","templated":true}]}}