{"id":6653,"date":"2023-08-26T09:22:45","date_gmt":"2023-08-26T07:22:45","guid":{"rendered":"https:\/\/tuhart.com\/produkt\/liska\/"},"modified":"2023-08-26T09:22:45","modified_gmt":"2023-08-26T07:22:45","slug":"liska","status":"publish","type":"product","link":"https:\/\/tuhart.com\/cs\/produkt\/liska\/","title":{"rendered":"Li\u0161ka"},"content":{"rendered":"<p>Tri\u010dko s v\u00fd\u0161ivkou li\u0161ky je v\u00edc ne\u017e jen oble\u010den\u00ed. Je to br\u00e1na do d\u011btsk\u00e9ho sv\u011bta, pln\u00e9ho fantazie a dobrodru\u017estv\u00ed. Kdy\u017e se na tuto li\u0161ku pod\u00edv\u00e1te, m\u016f\u017ee v\u00e1m p\u0159ipomenout radost a vzru\u0161en\u00ed, kter\u00e9 jste c\u00edtili jako d\u00edt\u011b, kdy\u017e jste tvo\u0159ili p\u0159\u00edb\u011bhy a objevovali nov\u00e9 sv\u011bty. Tato li\u0161ka na tri\u010dku je vzpom\u00ednkou na ty nevinn\u00e9 a hrav\u00e9 chv\u00edle, kdy nem\u011bla p\u0159edstavivost \u017e\u00e1dn\u00e9 hranice. Sta\u010d\u00ed jeden pohled a znovu se stanete mal\u00fdm dobrodruhem ve sv\u011bt\u011b vlastn\u00edch p\u0159\u00edb\u011bh\u016f.    <\/p>\n","protected":false},"excerpt":{"rendered":"<p>Tri\u010dko s v\u00fd\u0161ivkou li\u0161ky je v\u00edc ne\u017e jen oble\u010den\u00ed. Je to br\u00e1na do d\u011btsk\u00e9ho sv\u011bta, pln\u00e9ho fantazie a dobrodru\u017estv\u00ed. Kdy\u017e se na tuto li\u0161ku pod\u00edv\u00e1te, m\u016f\u017ee v\u00e1m p\u0159ipomenout radost a vzru\u0161en\u00ed, kter\u00e9 jste c\u00edtili jako d\u00edt\u011b, kdy\u017e jste tvo\u0159ili p\u0159\u00edb\u011bhy a objevovali nov\u00e9 sv\u011bty. Tato li\u0161ka na tri\u010dku je vzpom\u00ednkou na ty nevinn\u00e9 a hrav\u00e9 [&hellip;]<\/p>\n","protected":false},"featured_media":5951,"comment_status":"open","ping_status":"closed","template":"","meta":[],"product_cat":[2207,2211,2197],"product_tag":[],"_links":{"self":[{"href":"https:\/\/tuhart.com\/cs\/wp-json\/wp\/v2\/product\/6653"}],"collection":[{"href":"https:\/\/tuhart.com\/cs\/wp-json\/wp\/v2\/product"}],"about":[{"href":"https:\/\/tuhart.com\/cs\/wp-json\/wp\/v2\/types\/product"}],"replies":[{"embeddable":true,"href":"https:\/\/tuhart.com\/cs\/wp-json\/wp\/v2\/comments?post=6653"}],"wp:featuredmedia":[{"embeddable":true,"href":"https:\/\/tuhart.com\/cs\/wp-json\/wp\/v2\/media\/5951"}],"wp:attachment":[{"href":"https:\/\/tuhart.com\/cs\/wp-json\/wp\/v2\/media?parent=6653"}],"wp:term":[{"taxonomy":"product_cat","embeddable":true,"href":"https:\/\/tuhart.com\/cs\/wp-json\/wp\/v2\/product_cat?post=6653"},{"taxonomy":"product_tag","embeddable":true,"href":"https:\/\/tuhart.com\/cs\/wp-json\/wp\/v2\/product_tag?post=6653"}],"curies":[{"name":"wp","href":"https:\/\/api.w.org\/{rel}","templated":true}]}}