{"id":6665,"date":"2023-09-22T13:03:53","date_gmt":"2023-09-22T11:03:53","guid":{"rendered":"https:\/\/tuhart.com\/produkt\/domecek\/"},"modified":"2025-01-19T11:43:15","modified_gmt":"2025-01-19T10:43:15","slug":"domecek","status":"publish","type":"product","link":"https:\/\/tuhart.com\/cs\/produkt\/domecek\/","title":{"rendered":"Dome\u010dek"},"content":{"rendered":"<p>Kdy\u017e d\u00edt\u011b vezme do ruky tu\u017eku, otev\u00edr\u00e1 dve\u0159e sv\u00e9mu vnit\u0159n\u00edmu sv\u011btu a dovoluje emoc\u00edm vykouzlit \u00fasm\u011bv na pap\u00ed\u0159e. Tyto pocity jsou tak siln\u00e9, \u017ee se \u010dasto nedaj\u00ed vyj\u00e1d\u0159it slovy, ale d\u00edt\u011b n\u00e1m je p\u0159ed\u00e1v\u00e1 skrze ka\u017ed\u00fd jemn\u00fd tah ruky.<\/p>\n<p>Tento d\u016fm na kresb\u011b nen\u00ed jen oby\u010dejn\u00fdmi st\u011bnami a st\u0159echou. Je to m\u00edsto, kde se d\u00edt\u011b c\u00edt\u00ed v bezpe\u010d\u00ed a pohodl\u00ed, kde vznikaj\u00ed jeho \u00fasm\u011bvy a sny. V jeho rysech vid\u00edme okam\u017eiky pro\u017eit\u00e9 se z\u00e1jmem a l\u00e1skou, chv\u00edle sd\u00edlen\u00e9 s rodinou a p\u0159\u00e1teli. Ka\u017ed\u00fd detail je jeho vzpom\u00ednkou.<\/p>\n","protected":false},"excerpt":{"rendered":"<p>Kdy\u017e d\u00edt\u011b vezme do ruky tu\u017eku, otev\u00edr\u00e1 dve\u0159e sv\u00e9mu vnit\u0159n\u00edmu sv\u011btu a dovoluje emoc\u00edm vykouzlit \u00fasm\u011bv na pap\u00ed\u0159e. Tyto pocity jsou tak siln\u00e9, \u017ee se \u010dasto nedaj\u00ed vyj\u00e1d\u0159it slovy, ale d\u00edt\u011b n\u00e1m je p\u0159ed\u00e1v\u00e1 skrze ka\u017ed\u00fd jemn\u00fd tah ruky. Tento d\u016fm na kresb\u011b nen\u00ed jen oby\u010dejn\u00fdmi st\u011bnami a st\u0159echou. Je to m\u00edsto, kde se d\u00edt\u011b [&hellip;]<\/p>\n","protected":false},"featured_media":5791,"comment_status":"open","ping_status":"closed","template":"","meta":[],"product_cat":[2207,2211,2197],"product_tag":[],"_links":{"self":[{"href":"https:\/\/tuhart.com\/cs\/wp-json\/wp\/v2\/product\/6665"}],"collection":[{"href":"https:\/\/tuhart.com\/cs\/wp-json\/wp\/v2\/product"}],"about":[{"href":"https:\/\/tuhart.com\/cs\/wp-json\/wp\/v2\/types\/product"}],"replies":[{"embeddable":true,"href":"https:\/\/tuhart.com\/cs\/wp-json\/wp\/v2\/comments?post=6665"}],"wp:featuredmedia":[{"embeddable":true,"href":"https:\/\/tuhart.com\/cs\/wp-json\/wp\/v2\/media\/5791"}],"wp:attachment":[{"href":"https:\/\/tuhart.com\/cs\/wp-json\/wp\/v2\/media?parent=6665"}],"wp:term":[{"taxonomy":"product_cat","embeddable":true,"href":"https:\/\/tuhart.com\/cs\/wp-json\/wp\/v2\/product_cat?post=6665"},{"taxonomy":"product_tag","embeddable":true,"href":"https:\/\/tuhart.com\/cs\/wp-json\/wp\/v2\/product_tag?post=6665"}],"curies":[{"name":"wp","href":"https:\/\/api.w.org\/{rel}","templated":true}]}}