{"id":6682,"date":"2023-08-26T15:50:22","date_gmt":"2023-08-26T13:50:22","guid":{"rendered":"https:\/\/tuhart.com\/produkt\/dinosaurus\/"},"modified":"2023-08-26T15:50:22","modified_gmt":"2023-08-26T13:50:22","slug":"dinosaurus","status":"publish","type":"product","link":"https:\/\/tuhart.com\/cs\/produkt\/dinosaurus\/","title":{"rendered":"Dinosaurus"},"content":{"rendered":"<p>Chvilku se zastavte u tohoto tri\u010dka a p\u0159edstavte si, jak vzru\u0161uj\u00edc\u00ed dobrodru\u017estv\u00ed by tento dinosaurus mohl za\u017e\u00edt. Tv\u016frce tohoto obr\u00e1zku se pravd\u011bpodobn\u011b pono\u0159il do prad\u00e1vn\u00fdch dob pln\u00fdch tajemstv\u00ed a neobjeven\u00fdch m\u00edst. Dinosaurus zobrazen\u00fd na tri\u010dku se st\u00e1v\u00e1 spole\u010dn\u00edkem do sv\u011bt\u016f, kter\u00e9 u\u017e d\u00e1vno upadly v zapomn\u011bn\u00ed, a l\u00e1k\u00e1 n\u00e1s k pr\u016fzkumu nezn\u00e1ma.<\/p>\n","protected":false},"excerpt":{"rendered":"<p>Chvilku se zastavte u tohoto tri\u010dka a p\u0159edstavte si, jak vzru\u0161uj\u00edc\u00ed dobrodru\u017estv\u00ed by tento dinosaurus mohl za\u017e\u00edt. Tv\u016frce tohoto obr\u00e1zku se pravd\u011bpodobn\u011b pono\u0159il do prad\u00e1vn\u00fdch dob pln\u00fdch tajemstv\u00ed a neobjeven\u00fdch m\u00edst. Dinosaurus zobrazen\u00fd na tri\u010dku se st\u00e1v\u00e1 spole\u010dn\u00edkem do sv\u011bt\u016f, kter\u00e9 u\u017e d\u00e1vno upadly v zapomn\u011bn\u00ed, a l\u00e1k\u00e1 n\u00e1s k pr\u016fzkumu nezn\u00e1ma.<\/p>\n","protected":false},"featured_media":5927,"comment_status":"open","ping_status":"closed","template":"","meta":[],"product_cat":[2207,2211,2197],"product_tag":[],"_links":{"self":[{"href":"https:\/\/tuhart.com\/cs\/wp-json\/wp\/v2\/product\/6682"}],"collection":[{"href":"https:\/\/tuhart.com\/cs\/wp-json\/wp\/v2\/product"}],"about":[{"href":"https:\/\/tuhart.com\/cs\/wp-json\/wp\/v2\/types\/product"}],"replies":[{"embeddable":true,"href":"https:\/\/tuhart.com\/cs\/wp-json\/wp\/v2\/comments?post=6682"}],"wp:featuredmedia":[{"embeddable":true,"href":"https:\/\/tuhart.com\/cs\/wp-json\/wp\/v2\/media\/5927"}],"wp:attachment":[{"href":"https:\/\/tuhart.com\/cs\/wp-json\/wp\/v2\/media?parent=6682"}],"wp:term":[{"taxonomy":"product_cat","embeddable":true,"href":"https:\/\/tuhart.com\/cs\/wp-json\/wp\/v2\/product_cat?post=6682"},{"taxonomy":"product_tag","embeddable":true,"href":"https:\/\/tuhart.com\/cs\/wp-json\/wp\/v2\/product_tag?post=6682"}],"curies":[{"name":"wp","href":"https:\/\/api.w.org\/{rel}","templated":true}]}}