{"id":6687,"date":"2023-08-26T13:33:43","date_gmt":"2023-08-26T11:33:43","guid":{"rendered":"https:\/\/tuhart.com\/produkt\/slunce\/"},"modified":"2023-08-26T13:33:43","modified_gmt":"2023-08-26T11:33:43","slug":"slunce","status":"publish","type":"product","link":"https:\/\/tuhart.com\/cs\/produkt\/slunce\/","title":{"rendered":"Slunce"},"content":{"rendered":"<p>Pod\u00edvejte se na toto slun\u00ed\u010dko na tri\u010dku a zpozorujte, jak jeho \u00fasm\u011bv dok\u00e1\u017ee osv\u011btlit cel\u00fd sv\u011bt. Tv\u016frce tohoto slun\u00ed\u010dka, d\u00edt\u011b, m\u011blo touhu pod\u011blit se o svou radost a optimismus se v\u0161emi kolem. Jeho usm\u011bvav\u00fd v\u00fdraz n\u00e1m p\u0159ipom\u00edn\u00e1, \u017ee i v t\u011bch nejjednodu\u0161\u0161\u00edch v\u011bcech m\u016f\u017eeme nach\u00e1zet velk\u00e9 \u0161t\u011bst\u00ed. Toto slun\u00ed\u010dko se st\u00e1v\u00e1 mal\u00fdm spole\u010dn\u00edkem v \u0161ed\u00fdch dnech, proto\u017ee n\u00e1m v\u017edy p\u0159ipomene, \u017ee i kdy\u017e je obloha zata\u017eena, slunce \u010d\u00edh\u00e1 za rohem.<\/p>\n","protected":false},"excerpt":{"rendered":"<p>Pod\u00edvejte se na toto slun\u00ed\u010dko na tri\u010dku a zpozorujte, jak jeho \u00fasm\u011bv dok\u00e1\u017ee osv\u011btlit cel\u00fd sv\u011bt. Tv\u016frce tohoto slun\u00ed\u010dka, d\u00edt\u011b, m\u011blo touhu pod\u011blit se o svou radost a optimismus se v\u0161emi kolem. Jeho usm\u011bvav\u00fd v\u00fdraz n\u00e1m p\u0159ipom\u00edn\u00e1, \u017ee i v t\u011bch nejjednodu\u0161\u0161\u00edch v\u011bcech m\u016f\u017eeme nach\u00e1zet velk\u00e9 \u0161t\u011bst\u00ed. Toto slun\u00ed\u010dko se st\u00e1v\u00e1 mal\u00fdm spole\u010dn\u00edkem v \u0161ed\u00fdch [&hellip;]<\/p>\n","protected":false},"featured_media":5919,"comment_status":"open","ping_status":"closed","template":"","meta":[],"product_cat":[2199,2203,2197],"product_tag":[],"_links":{"self":[{"href":"https:\/\/tuhart.com\/cs\/wp-json\/wp\/v2\/product\/6687"}],"collection":[{"href":"https:\/\/tuhart.com\/cs\/wp-json\/wp\/v2\/product"}],"about":[{"href":"https:\/\/tuhart.com\/cs\/wp-json\/wp\/v2\/types\/product"}],"replies":[{"embeddable":true,"href":"https:\/\/tuhart.com\/cs\/wp-json\/wp\/v2\/comments?post=6687"}],"wp:featuredmedia":[{"embeddable":true,"href":"https:\/\/tuhart.com\/cs\/wp-json\/wp\/v2\/media\/5919"}],"wp:attachment":[{"href":"https:\/\/tuhart.com\/cs\/wp-json\/wp\/v2\/media?parent=6687"}],"wp:term":[{"taxonomy":"product_cat","embeddable":true,"href":"https:\/\/tuhart.com\/cs\/wp-json\/wp\/v2\/product_cat?post=6687"},{"taxonomy":"product_tag","embeddable":true,"href":"https:\/\/tuhart.com\/cs\/wp-json\/wp\/v2\/product_tag?post=6687"}],"curies":[{"name":"wp","href":"https:\/\/api.w.org\/{rel}","templated":true}]}}