{"id":6703,"date":"2023-08-26T13:17:01","date_gmt":"2023-08-26T11:17:01","guid":{"rendered":"https:\/\/tuhart.com\/produkt\/prsten\/"},"modified":"2023-08-26T13:17:01","modified_gmt":"2023-08-26T11:17:01","slug":"prsten","status":"publish","type":"product","link":"https:\/\/tuhart.com\/cs\/produkt\/prsten\/","title":{"rendered":"Prsten"},"content":{"rendered":"<p>Toto triko je mal\u00fdm ok\u00e9nkem do sv\u011bta fantazie a z\u00e1zrak\u016f. D\u00edt\u011b, kter\u00e9 nakreslilo tento z\u00e1\u0159iv\u00fd prsten, n\u00e1m nab\u00edz\u00ed pohled na jeho vlastn\u00ed vesm\u00edr pln\u00fd barev a tajemstv\u00ed. Prsten se leskne tak, jako by se na n\u011bm odr\u00e1\u017eela ve\u0161ker\u00e1 radost a nad\u011bje tohoto sv\u011bta.<\/p>\n","protected":false},"excerpt":{"rendered":"<p>Toto triko je mal\u00fdm ok\u00e9nkem do sv\u011bta fantazie a z\u00e1zrak\u016f. D\u00edt\u011b, kter\u00e9 nakreslilo tento z\u00e1\u0159iv\u00fd prsten, n\u00e1m nab\u00edz\u00ed pohled na jeho vlastn\u00ed vesm\u00edr pln\u00fd barev a tajemstv\u00ed. Prsten se leskne tak, jako by se na n\u011bm odr\u00e1\u017eela ve\u0161ker\u00e1 radost a nad\u011bje tohoto sv\u011bta.<\/p>\n","protected":false},"featured_media":5905,"comment_status":"open","ping_status":"closed","template":"","meta":[],"product_cat":[2199,2203,2197],"product_tag":[],"_links":{"self":[{"href":"https:\/\/tuhart.com\/cs\/wp-json\/wp\/v2\/product\/6703"}],"collection":[{"href":"https:\/\/tuhart.com\/cs\/wp-json\/wp\/v2\/product"}],"about":[{"href":"https:\/\/tuhart.com\/cs\/wp-json\/wp\/v2\/types\/product"}],"replies":[{"embeddable":true,"href":"https:\/\/tuhart.com\/cs\/wp-json\/wp\/v2\/comments?post=6703"}],"wp:featuredmedia":[{"embeddable":true,"href":"https:\/\/tuhart.com\/cs\/wp-json\/wp\/v2\/media\/5905"}],"wp:attachment":[{"href":"https:\/\/tuhart.com\/cs\/wp-json\/wp\/v2\/media?parent=6703"}],"wp:term":[{"taxonomy":"product_cat","embeddable":true,"href":"https:\/\/tuhart.com\/cs\/wp-json\/wp\/v2\/product_cat?post=6703"},{"taxonomy":"product_tag","embeddable":true,"href":"https:\/\/tuhart.com\/cs\/wp-json\/wp\/v2\/product_tag?post=6703"}],"curies":[{"name":"wp","href":"https:\/\/api.w.org\/{rel}","templated":true}]}}