{"id":6730,"date":"2023-08-26T13:01:02","date_gmt":"2023-08-26T11:01:02","guid":{"rendered":"https:\/\/tuhart.com\/produkt\/plamenak\/"},"modified":"2023-08-26T13:01:02","modified_gmt":"2023-08-26T11:01:02","slug":"plamenak","status":"publish","type":"product","link":"https:\/\/tuhart.com\/cs\/produkt\/plamenak\/","title":{"rendered":"Plame\u0148\u00e1k"},"content":{"rendered":"<p>Zachyceno je \u00fa\u017easn\u00e9 dobrodru\u017estv\u00ed z n\u00e1v\u0161t\u011bvy zoo v jedine\u010dn\u00e9m obr\u00e1zku s v\u00fdrazn\u00fdm citem. Mal\u00fd tvorca tohto diela sa s ve\u013ekou netrpezlivos\u0165ou te\u0161il na pl\u00e1novan\u00fd v\u00fdlet, pln\u00fd vzru\u0161enia zo stretnutia so zvieratkami. Nyn\u00ed m\u016f\u017eete tento \u00fa\u017easn\u00fd z\u00e1\u017eitek doslova nosit pobl\u00ed\u017e srdce.<\/p>\n","protected":false},"excerpt":{"rendered":"<p>Zachyceno je \u00fa\u017easn\u00e9 dobrodru\u017estv\u00ed z n\u00e1v\u0161t\u011bvy zoo v jedine\u010dn\u00e9m obr\u00e1zku s v\u00fdrazn\u00fdm citem. Mal\u00fd tvorca tohto diela sa s ve\u013ekou netrpezlivos\u0165ou te\u0161il na pl\u00e1novan\u00fd v\u00fdlet, pln\u00fd vzru\u0161enia zo stretnutia so zvieratkami. Nyn\u00ed m\u016f\u017eete tento \u00fa\u017easn\u00fd z\u00e1\u017eitek doslova nosit pobl\u00ed\u017e srdce.<\/p>\n","protected":false},"featured_media":5881,"comment_status":"open","ping_status":"closed","template":"","meta":[],"product_cat":[2199,2203,2197],"product_tag":[],"_links":{"self":[{"href":"https:\/\/tuhart.com\/cs\/wp-json\/wp\/v2\/product\/6730"}],"collection":[{"href":"https:\/\/tuhart.com\/cs\/wp-json\/wp\/v2\/product"}],"about":[{"href":"https:\/\/tuhart.com\/cs\/wp-json\/wp\/v2\/types\/product"}],"replies":[{"embeddable":true,"href":"https:\/\/tuhart.com\/cs\/wp-json\/wp\/v2\/comments?post=6730"}],"wp:featuredmedia":[{"embeddable":true,"href":"https:\/\/tuhart.com\/cs\/wp-json\/wp\/v2\/media\/5881"}],"wp:attachment":[{"href":"https:\/\/tuhart.com\/cs\/wp-json\/wp\/v2\/media?parent=6730"}],"wp:term":[{"taxonomy":"product_cat","embeddable":true,"href":"https:\/\/tuhart.com\/cs\/wp-json\/wp\/v2\/product_cat?post=6730"},{"taxonomy":"product_tag","embeddable":true,"href":"https:\/\/tuhart.com\/cs\/wp-json\/wp\/v2\/product_tag?post=6730"}],"curies":[{"name":"wp","href":"https:\/\/api.w.org\/{rel}","templated":true}]}}