{"id":7066,"date":"2025-03-28T14:00:49","date_gmt":"2025-03-28T13:00:49","guid":{"rendered":"https:\/\/tuhart.com\/?post_type=product&#038;p=7066"},"modified":"2025-03-28T14:03:40","modified_gmt":"2025-03-28T13:03:40","slug":"keramicky-hrnecek","status":"publish","type":"product","link":"https:\/\/tuhart.com\/cs\/produkt\/keramicky-hrnecek\/","title":{"rendered":"Keramick\u00fd hrne\u010dek"},"content":{"rendered":"<p>Na\u0161e keramika pro\u0161la v\u00fdpalem p\u0159i vysok\u00fdch teplot\u00e1ch, tak\u017ee ji m\u016f\u017ee\u0161 bez obav um\u00fdvat v my\u010dce. Pokud ji chce\u0161 dop\u0159\u00e1t del\u0161\u00ed \u017eivotnost, doporu\u010dujeme ru\u010dn\u00ed myt\u00ed. Ka\u017ed\u00fd produkt je unik\u00e1tn\u00ed ru\u010dn\u00ed pr\u00e1ce, detaily jsou zn\u00e1mkou originality a odchylky jsou neodmyslitelnou sou\u010d\u00e1st\u00ed vizu\u00e1lu ka\u017ed\u00e9ho vyroben\u00e9ho kusu.<\/p>\n<p>Pou\u017eit\u00e1 hl\u00edna i glazura jsou bezpe\u010dn\u00e9 a zdravotn\u011b nez\u00e1vadn\u00e9.<\/p>\n","protected":false},"excerpt":{"rendered":"<p>Objem hrne\u010dku je cca 200 ml (cappuccino).<\/p>\n<p>Jedine\u010dn\u00fd, ru\u010dn\u011b glazovan\u00fd kousek, kter\u00fd si zamiluje\u0161!<\/p>\n","protected":false},"featured_media":7051,"comment_status":"closed","ping_status":"closed","template":"","meta":[],"product_cat":[2197],"product_tag":[],"_links":{"self":[{"href":"https:\/\/tuhart.com\/cs\/wp-json\/wp\/v2\/product\/7066"}],"collection":[{"href":"https:\/\/tuhart.com\/cs\/wp-json\/wp\/v2\/product"}],"about":[{"href":"https:\/\/tuhart.com\/cs\/wp-json\/wp\/v2\/types\/product"}],"replies":[{"embeddable":true,"href":"https:\/\/tuhart.com\/cs\/wp-json\/wp\/v2\/comments?post=7066"}],"wp:featuredmedia":[{"embeddable":true,"href":"https:\/\/tuhart.com\/cs\/wp-json\/wp\/v2\/media\/7051"}],"wp:attachment":[{"href":"https:\/\/tuhart.com\/cs\/wp-json\/wp\/v2\/media?parent=7066"}],"wp:term":[{"taxonomy":"product_cat","embeddable":true,"href":"https:\/\/tuhart.com\/cs\/wp-json\/wp\/v2\/product_cat?post=7066"},{"taxonomy":"product_tag","embeddable":true,"href":"https:\/\/tuhart.com\/cs\/wp-json\/wp\/v2\/product_tag?post=7066"}],"curies":[{"name":"wp","href":"https:\/\/api.w.org\/{rel}","templated":true}]}}