{"id":7349,"date":"2026-01-11T18:19:04","date_gmt":"2026-01-11T17:19:04","guid":{"rendered":"https:\/\/tuhart.com\/?post_type=product&#038;p=7349"},"modified":"2026-01-11T18:34:34","modified_gmt":"2026-01-11T17:34:34","slug":"personalizovana-broz-kopia","status":"publish","type":"product","link":"https:\/\/tuhart.com\/cs\/produkt\/personalizovana-broz-kopia\/","title":{"rendered":"Personalizovan\u00e1 magnetka"},"content":{"rendered":"<p data-start=\"124\" data-end=\"307\"><strong data-start=\"124\" data-end=\"162\">Z d\u011btsk\u00e9 kresby vznikne magnetka.<\/strong><br data-start=\"162\" data-end=\"165\">Jedine\u010dn\u00e1 magnetka je ru\u010dn\u011b vyroben\u00e1 a zalit\u00e1 prysky\u0159ic\u00ed, kter\u00e1 j\u00ed dod\u00e1v\u00e1 kr\u00e1sn\u00fd lesk a z\u00e1rove\u0148 ji chr\u00e1n\u00ed, aby v\u00e1m d\u011blala radost mnoho let. \u2728<\/p>\n<p data-start=\"309\" data-end=\"460\">Sta\u010d\u00ed n\u00e1m poslat <strong>naskenovan\u00fd obr\u00e1zek <\/strong>nebo fotografii kresby vyfocenou na denn\u00edm sv\u011btle \u2013 z kresby vytvo\u0159\u00edme jedine\u010dn\u00fd<strong data-start=\"553\" data-end=\"594\"> mal\u00fd poklad pln\u00fd vzpom\u00ednek a fantazie.<\/strong> \ud83c\udfa8 <\/p>\n<p data-start=\"462\" data-end=\"498\">\ud83d\udccf <strong data-start=\"465\" data-end=\"477\">Rozm\u011bry:<\/strong> cca 57 \u00d7 38 \u00d7 2 mm<\/p>\n<p data-start=\"500\" data-end=\"632\">Pokud si nejste jisti v\u00fdb\u011brem obr\u00e1zku nebo ho chcete p\u0159edem konzultovat, klidn\u011b n\u00e1s kontaktujte e-mailem \u2013 r\u00e1di v\u00e1m porad\u00edme. \ud83d\udc8c<\/p>\n<p data-start=\"634\" data-end=\"720\">Ka\u017ed\u00e1 magnetka je origin\u00e1l \u2013 mal\u00fd kousek d\u011btsk\u00e9ho sv\u011bta, kter\u00fd v\u00e1m bude d\u011blat radost.<\/p>\n","protected":false},"excerpt":{"rendered":"<p>\ud83d\uddd3\ufe0f <strong data-start=\"554\" data-end=\"605\">Objedn\u00e1vky p\u0159ij\u00edm\u00e1me od 24. 10. 10. do 24. 11. 2025. 11. 2025<\/strong><\/p>\n","protected":false},"featured_media":7352,"comment_status":"open","ping_status":"closed","template":"","meta":[],"product_cat":[2213],"product_tag":[],"_links":{"self":[{"href":"https:\/\/tuhart.com\/cs\/wp-json\/wp\/v2\/product\/7349"}],"collection":[{"href":"https:\/\/tuhart.com\/cs\/wp-json\/wp\/v2\/product"}],"about":[{"href":"https:\/\/tuhart.com\/cs\/wp-json\/wp\/v2\/types\/product"}],"replies":[{"embeddable":true,"href":"https:\/\/tuhart.com\/cs\/wp-json\/wp\/v2\/comments?post=7349"}],"wp:featuredmedia":[{"embeddable":true,"href":"https:\/\/tuhart.com\/cs\/wp-json\/wp\/v2\/media\/7352"}],"wp:attachment":[{"href":"https:\/\/tuhart.com\/cs\/wp-json\/wp\/v2\/media?parent=7349"}],"wp:term":[{"taxonomy":"product_cat","embeddable":true,"href":"https:\/\/tuhart.com\/cs\/wp-json\/wp\/v2\/product_cat?post=7349"},{"taxonomy":"product_tag","embeddable":true,"href":"https:\/\/tuhart.com\/cs\/wp-json\/wp\/v2\/product_tag?post=7349"}],"curies":[{"name":"wp","href":"https:\/\/api.w.org\/{rel}","templated":true}]}}