{"id":7388,"date":"2026-03-25T09:48:14","date_gmt":"2026-03-25T08:48:14","guid":{"rendered":"https:\/\/tuhart.com\/?post_type=product&#038;p=7388"},"modified":"2026-03-25T11:40:44","modified_gmt":"2026-03-25T10:40:44","slug":"tricko-pro-dospele-kopia","status":"publish","type":"product","link":"https:\/\/tuhart.com\/cs\/produkt\/tricko-pro-dospele-kopia\/","title":{"rendered":"D\u00e1msk\u00e9 tri\u010dko"},"content":{"rendered":"<p><strong>Chce\u0161 m\u00edt tri\u010dko, kter\u00e9 bude unik\u00e1tn\u00ed a pln\u00e9 vzpom\u00ednek?<\/strong><\/p>\n<p>Jsi na spr\u00e1vn\u00e9m m\u00edst\u011b! Tvoje kresbi\u010dka se vyd\u00e1 na dobrodru\u017enou cestu, a my se postar\u00e1me o to, aby se stala sou\u010d\u00e1st\u00ed zcela nov\u00e9ho jedine\u010dn\u00e9ho tri\u010dka pln\u00e9ho vzpom\u00ednek.<\/p>\n<p>Modelka na fotce m\u011b\u0159\u00ed 178 cm a m\u00e1 na sob\u011b velikost S.<\/p>\n<p><strong>Jak to funguje?<\/strong><br \/>\n1\ufe0f\u20e3 Vyber si barvu a velikost tri\u010dka.<br \/>\n2\ufe0f\u20e3 Zvol velikost a um\u00edst\u011bn\u00ed v\u00fd\u0161ivky.<br \/>\n3\ufe0f\u20e3 Nahraj sv\u016fj obr\u00e1zek. (Pro tri\u010dko doporu\u010dujeme jednoduch\u00e9 obr\u00e1zky v link\u00e1ch).<br \/>\n4\ufe0f\u20e3 Do pozn\u00e1mky n\u00e1m napi\u0161, jak si v\u00fd\u0161ivku p\u0159edstavuje\u0161 \u2013 co z obr\u00e1zku m\u00e1me odstranit a jak\u00e9 barvy nit\u00ed m\u00e1me pou\u017e\u00edt.<br \/>\n5\ufe0f\u20e3 Odesli objedn\u00e1vku.<\/p>\n<p><strong>Standardn\u00ed doba doru\u010den\u00ed je 3\u20134 t\u00fddny <\/strong>od zaplacen\u00ed objedn\u00e1vky.<br \/>\n<strong>Expresn\u00ed doru\u010den\u00ed je do 2 t\u00fddn\u016f <\/strong>od zaplacen\u00ed objedn\u00e1vky, za p\u0159\u00edplatek 20 \u20ac.<\/p>\n<p>Tak nev\u00e1hej a vytvo\u0159 si nyn\u00ed vlastn\u00ed a naprosto origin\u00e1ln\u00ed tri\u010dko!<\/p>\n<p><strong>T\u011b\u0161\u00edme se na spolupr\u00e1ci s tebou!<\/strong><\/p>\n","protected":false},"excerpt":{"rendered":"<p>\ud83c\udf84<b>V\u00e1no\u010dn\u00ed objedn\u00e1vky<\/b>\ud83c\udf84<br \/>\nObjedn\u00e1vky s <b>garanc\u00ed doru\u010den\u00ed do V\u00e1noc<\/b> p\u0159ij\u00edm\u00e1me:<\/p>\n<ul>\n<li><b>do 3. 12. 2025 12. 2025<\/b> p\u0159i <b>standardn\u00edm <\/b>doru\u010den\u00ed,<\/li>\n<li><b>do 10. 12. 2025 12. 2025<\/b> p\u0159i <b>expresn\u00edm doru\u010den\u00ed<\/b> za p\u0159\u00edplatek.<\/li>\n<\/ul>\n","protected":false},"featured_media":7411,"comment_status":"open","ping_status":"closed","template":"","meta":[],"product_cat":[2213],"product_tag":[],"_links":{"self":[{"href":"https:\/\/tuhart.com\/cs\/wp-json\/wp\/v2\/product\/7388"}],"collection":[{"href":"https:\/\/tuhart.com\/cs\/wp-json\/wp\/v2\/product"}],"about":[{"href":"https:\/\/tuhart.com\/cs\/wp-json\/wp\/v2\/types\/product"}],"replies":[{"embeddable":true,"href":"https:\/\/tuhart.com\/cs\/wp-json\/wp\/v2\/comments?post=7388"}],"wp:featuredmedia":[{"embeddable":true,"href":"https:\/\/tuhart.com\/cs\/wp-json\/wp\/v2\/media\/7411"}],"wp:attachment":[{"href":"https:\/\/tuhart.com\/cs\/wp-json\/wp\/v2\/media?parent=7388"}],"wp:term":[{"taxonomy":"product_cat","embeddable":true,"href":"https:\/\/tuhart.com\/cs\/wp-json\/wp\/v2\/product_cat?post=7388"},{"taxonomy":"product_tag","embeddable":true,"href":"https:\/\/tuhart.com\/cs\/wp-json\/wp\/v2\/product_tag?post=7388"}],"curies":[{"name":"wp","href":"https:\/\/api.w.org\/{rel}","templated":true}]}}