{"id":7453,"date":"2026-04-24T06:52:08","date_gmt":"2026-04-24T04:52:08","guid":{"rendered":"https:\/\/tuhart.com\/?post_type=product&#038;p=7453"},"modified":"2026-04-24T07:49:37","modified_gmt":"2026-04-24T05:49:37","slug":"dinosaurus-kopia","status":"publish","type":"product","link":"https:\/\/tuhart.com\/cs\/produkt\/dinosaurus-kopia\/","title":{"rendered":"M\u00e1ma o\u010dima d\u00edt\u011bte"},"content":{"rendered":"<p>Tri\u010dko s n\u00e1pisem \u201eM\u00e1ma\u201c, napsan\u00fdm d\u011btskou rukou.<br data-start=\"49\" data-end=\"52\">Jemn\u00e1 v\u00fd\u0161ivka, kter\u00e1 nese v\u00edc ne\u017e jen slovo \u2013 p\u0159ipom\u00ednku bl\u00edzkosti, hravosti a ka\u017edodenn\u00edch moment\u016f, na kter\u00e9 se nezapom\u00edn\u00e1.<br data-start=\"178\" data-end=\"181\">Jednoduch\u00fd kousek, kter\u00fd zah\u0159eje u srdce.<\/p>\n","protected":false},"excerpt":{"rendered":"<p>Tri\u010dko s n\u00e1pisem \u201eM\u00e1ma\u201c, napsan\u00fdm d\u011btskou rukou.Jemn\u00e1 v\u00fd\u0161ivka, kter\u00e1 nese v\u00edc ne\u017e jen slovo \u2013 p\u0159ipom\u00ednku bl\u00edzkosti, hravosti a ka\u017edodenn\u00edch moment\u016f, na kter\u00e9 se nezapom\u00edn\u00e1.Jednoduch\u00fd kousek, kter\u00fd zah\u0159eje u srdce.<\/p>\n","protected":false},"featured_media":7464,"comment_status":"open","ping_status":"closed","template":"","meta":[],"product_cat":[2207,2211,2197],"product_tag":[],"_links":{"self":[{"href":"https:\/\/tuhart.com\/cs\/wp-json\/wp\/v2\/product\/7453"}],"collection":[{"href":"https:\/\/tuhart.com\/cs\/wp-json\/wp\/v2\/product"}],"about":[{"href":"https:\/\/tuhart.com\/cs\/wp-json\/wp\/v2\/types\/product"}],"replies":[{"embeddable":true,"href":"https:\/\/tuhart.com\/cs\/wp-json\/wp\/v2\/comments?post=7453"}],"wp:featuredmedia":[{"embeddable":true,"href":"https:\/\/tuhart.com\/cs\/wp-json\/wp\/v2\/media\/7464"}],"wp:attachment":[{"href":"https:\/\/tuhart.com\/cs\/wp-json\/wp\/v2\/media?parent=7453"}],"wp:term":[{"taxonomy":"product_cat","embeddable":true,"href":"https:\/\/tuhart.com\/cs\/wp-json\/wp\/v2\/product_cat?post=7453"},{"taxonomy":"product_tag","embeddable":true,"href":"https:\/\/tuhart.com\/cs\/wp-json\/wp\/v2\/product_tag?post=7453"}],"curies":[{"name":"wp","href":"https:\/\/api.w.org\/{rel}","templated":true}]}}