{"id":7477,"date":"2026-04-24T07:17:33","date_gmt":"2026-04-24T05:17:33","guid":{"rendered":"https:\/\/tuhart.com\/?post_type=product&#038;p=7477"},"modified":"2026-04-24T07:51:13","modified_gmt":"2026-04-24T05:51:13","slug":"tajemstvi-lesa-mikina-s-liskou-kopia","status":"publish","type":"product","link":"https:\/\/tuhart.com\/cs\/produkt\/tajemstvi-lesa-mikina-s-liskou-kopia\/","title":{"rendered":"Rodina d\u011btsk\u00fdm p\u00edsmem"},"content":{"rendered":"<p data-start=\"197\" data-end=\"369\">Kolekce mikin s n\u00e1pisy M\u00e1ma, T\u00e1ta a Mini \u2013 napsan\u00fdmi d\u011btskou rukou.<br data-start=\"267\" data-end=\"270\">Ne dokonal\u00e9, ale o to up\u0159\u00edmn\u011bj\u0161\u00ed. Ka\u017ed\u00fd detail nese hravost, bl\u00edzkost a kousek rodinn\u00e9ho p\u0159\u00edb\u011bhu. <\/p>\n<p data-start=\"371\" data-end=\"480\">Jednoduch\u00e9 kousky, kter\u00e9 spolu lad\u00ed \u2013 bez zbyte\u010dn\u00e9 ok\u00e1zalosti, ale s v\u00fdznamem, kter\u00fd nez\u016fstane nepov\u0161imnut\u00fd.<\/p>\n","protected":false},"excerpt":{"rendered":"<p>Kolekce mikin s n\u00e1pisy M\u00e1ma, T\u00e1ta a Mini \u2013 napsan\u00fdmi d\u011btskou rukou.Ne dokonal\u00e9, ale o to up\u0159\u00edmn\u011bj\u0161\u00ed. Ka\u017ed\u00fd detail nese hravost, bl\u00edzkost a kousek rodinn\u00e9ho p\u0159\u00edb\u011bhu. Jednoduch\u00e9 kousky, kter\u00e9 spolu lad\u00ed \u2013 bez zbyte\u010dn\u00e9 ok\u00e1zalosti, ale s v\u00fdznamem, kter\u00fd nez\u016fstane nepov\u0161imnut\u00fd.<\/p>\n","protected":false},"featured_media":7497,"comment_status":"open","ping_status":"closed","template":"","meta":[],"product_cat":[2207,2209,2197],"product_tag":[],"_links":{"self":[{"href":"https:\/\/tuhart.com\/cs\/wp-json\/wp\/v2\/product\/7477"}],"collection":[{"href":"https:\/\/tuhart.com\/cs\/wp-json\/wp\/v2\/product"}],"about":[{"href":"https:\/\/tuhart.com\/cs\/wp-json\/wp\/v2\/types\/product"}],"replies":[{"embeddable":true,"href":"https:\/\/tuhart.com\/cs\/wp-json\/wp\/v2\/comments?post=7477"}],"wp:featuredmedia":[{"embeddable":true,"href":"https:\/\/tuhart.com\/cs\/wp-json\/wp\/v2\/media\/7497"}],"wp:attachment":[{"href":"https:\/\/tuhart.com\/cs\/wp-json\/wp\/v2\/media?parent=7477"}],"wp:term":[{"taxonomy":"product_cat","embeddable":true,"href":"https:\/\/tuhart.com\/cs\/wp-json\/wp\/v2\/product_cat?post=7477"},{"taxonomy":"product_tag","embeddable":true,"href":"https:\/\/tuhart.com\/cs\/wp-json\/wp\/v2\/product_tag?post=7477"}],"curies":[{"name":"wp","href":"https:\/\/api.w.org\/{rel}","templated":true}]}}